{"id":249,"date":"2021-03-10T06:25:16","date_gmt":"2021-03-10T06:25:16","guid":{"rendered":"https:\/\/t4.imsp.md\/?page_id=249"},"modified":"2021-06-08T09:46:40","modified_gmt":"2021-06-08T09:46:40","slug":"legislatie","status":"publish","type":"page","link":"https:\/\/t4.imsp.md\/index.php\/transparenta\/legislatie\/","title":{"rendered":"Legisla\u021bie"},"content":{"rendered":"<div class=\"wpb-content-wrapper\"><p>[vc_row][vc_column width=&#8221;1\/2&#8243;][vc_single_image image=&#8221;250&#8243; img_size=&#8221;large&#8221;][\/vc_column][vc_column width=&#8221;1\/2&#8243;][vc_column_text]<\/p>\n<ul>\n<li><a href=\"https:\/\/drive.google.com\/file\/d\/1YXUS_JtSWhGVnWaFO9Xy5sPYSxIpD_oG\/view?usp=sharing\" target=\"_blank\" rel=\"noopener noreferrer\">Ordinul MSMPS nr. 386 din 07.03.2018 \u201dCu privire la atestarea medicilor \u0219i farmaci\u0219tilor\u201d<\/a><\/li>\n<li><a href=\"https:\/\/drive.google.com\/file\/d\/1M-5Mn9yx2Pi19HgLND-WZD9E0knHf8Ca\/view?usp=sharing\" target=\"_blank\" rel=\"noopener noreferrer\">Odinul MSPMS nr.394 din 13.03.2018 \u201dCu privire la atestarea personalului medical \u0219i farmaceutic cu studii medii de specialitate\u201d<\/a><\/li>\n<li><a href=\"https:\/\/drive.google.com\/file\/d\/1X9-nv97yfc2SRrpfvNB734ce2QayzcRb\/view?usp=sharing\" target=\"_blank\" rel=\"noopener noreferrer\">Ordinul MSMPS nr.139-P<span class=\"aCOpRe\">\u00a7<wbr \/><\/span>3 \u201dCu privire la aprobarea Regulamentului privind angajarea prin concurs a personalului medical din sistemul s\u0103n\u0103t\u0103\u021bii\u201d<\/a><\/li>\n<li><a href=\"https:\/\/drive.google.com\/file\/d\/1uACaSeLgeefc_8_s1vsy5RcUcSbY6GyO\/view?usp=sharing\" target=\"_blank\" rel=\"noopener noreferrer\">Ordinul MSPMS nr.1048 din 12.11.2020 \u201dCu privire la reglementarea sistemului na\u021bional de educa\u021bie medical\u0103 \u0219i farmaceutic\u0103 continu\u0103\u201d<\/a><\/li>\n<\/ul>\n<p>[\/vc_column_text][\/vc_column][\/vc_row]<\/p>\n<\/div>","protected":false},"excerpt":{"rendered":"<p>[vc_row][vc_column width=&#8221;1\/2&#8243;][vc_single_image image=&#8221;250&#8243; img_size=&#8221;large&#8221;][\/vc_column][vc_column width=&#8221;1\/2&#8243;][vc_column_text] Ordinul MSMPS nr. 386 din 07.03.2018 \u201dCu privire la atestarea medicilor \u0219i farmaci\u0219tilor\u201d Odinul MSPMS nr.394 din 13.03.2018 \u201dCu privire la<span class=\"excerpt-hellip\"> [\u2026]<\/span><\/p>\n","protected":false},"author":2,"featured_media":0,"parent":330,"menu_order":0,"comment_status":"closed","ping_status":"closed","template":"","meta":{"footnotes":""},"class_list":["post-249","page","type-page","status-publish","hentry"],"_links":{"self":[{"href":"https:\/\/t4.imsp.md\/index.php\/wp-json\/wp\/v2\/pages\/249","targetHints":{"allow":["GET"]}}],"collection":[{"href":"https:\/\/t4.imsp.md\/index.php\/wp-json\/wp\/v2\/pages"}],"about":[{"href":"https:\/\/t4.imsp.md\/index.php\/wp-json\/wp\/v2\/types\/page"}],"author":[{"embeddable":true,"href":"https:\/\/t4.imsp.md\/index.php\/wp-json\/wp\/v2\/users\/2"}],"replies":[{"embeddable":true,"href":"https:\/\/t4.imsp.md\/index.php\/wp-json\/wp\/v2\/comments?post=249"}],"version-history":[{"count":3,"href":"https:\/\/t4.imsp.md\/index.php\/wp-json\/wp\/v2\/pages\/249\/revisions"}],"predecessor-version":[{"id":344,"href":"https:\/\/t4.imsp.md\/index.php\/wp-json\/wp\/v2\/pages\/249\/revisions\/344"}],"up":[{"embeddable":true,"href":"https:\/\/t4.imsp.md\/index.php\/wp-json\/wp\/v2\/pages\/330"}],"wp:attachment":[{"href":"https:\/\/t4.imsp.md\/index.php\/wp-json\/wp\/v2\/media?parent=249"}],"curies":[{"name":"wp","href":"https:\/\/api.w.org\/{rel}","templated":true}]}}